{"id":1449,"date":"2026-03-16T09:58:35","date_gmt":"2026-03-16T09:58:35","guid":{"rendered":"https:\/\/saa-services.co.ao\/?page_id=1449"},"modified":"2026-03-27T13:38:32","modified_gmt":"2026-03-27T13:38:32","slug":"inicio","status":"publish","type":"page","link":"https:\/\/saa-services.co.ao\/index.php\/inicio\/","title":{"rendered":"In\u00edc\u00edo"},"content":{"rendered":"\t\t<div data-elementor-type=\"wp-page\" data-elementor-id=\"1449\" class=\"elementor elementor-1449\">\n\t\t\t\t<div class=\"elementor-element elementor-element-bcba007 e-flex e-con-boxed e-con e-parent\" data-id=\"bcba007\" data-element_type=\"container\" data-e-type=\"container\" data-settings=\"{&quot;background_background&quot;:&quot;slideshow&quot;,&quot;background_slideshow_gallery&quot;:[{&quot;id&quot;:1691,&quot;url&quot;:&quot;https:\\\/\\\/saa-services.co.ao\\\/wp-content\\\/uploads\\\/2026\\\/03\\\/Desinfestacao-1-scaled.png&quot;},{&quot;id&quot;:1692,&quot;url&quot;:&quot;https:\\\/\\\/saa-services.co.ao\\\/wp-content\\\/uploads\\\/2026\\\/03\\\/Limpeza-de-tanques-3.png&quot;},{&quot;id&quot;:1693,&quot;url&quot;:&quot;https:\\\/\\\/saa-services.co.ao\\\/wp-content\\\/uploads\\\/2026\\\/03\\\/Logistica-e-Transporte-1-scaled.png&quot;},{&quot;id&quot;:1694,&quot;url&quot;:&quot;https:\\\/\\\/saa-services.co.ao\\\/wp-content\\\/uploads\\\/2026\\\/03\\\/Residuos-ferrosos-1-scaled.png&quot;}],&quot;background_slideshow_transition_duration&quot;:2000,&quot;background_slideshow_lazyload&quot;:&quot;yes&quot;,&quot;background_slideshow_ken_burns&quot;:&quot;yes&quot;,&quot;background_slideshow_loop&quot;:&quot;yes&quot;,&quot;background_slideshow_slide_duration&quot;:5000,&quot;background_slideshow_slide_transition&quot;:&quot;fade&quot;,&quot;background_slideshow_ken_burns_zoom_direction&quot;:&quot;in&quot;}\">\n\t\t\t\t\t<div class=\"e-con-inner\">\n\t\t<div class=\"elementor-element elementor-element-d2107ac e-con-full e-flex e-con e-child\" data-id=\"d2107ac\" data-element_type=\"container\" data-e-type=\"container\">\n\t\t\t\t<div class=\"elementor-element elementor-element-23cb581 elementor-widget-laptop__width-inherit elementor-widget elementor-widget-heading\" data-id=\"23cb581\" data-element_type=\"widget\" data-e-type=\"widget\" data-widget_type=\"heading.default\">\n\t\t\t\t\t<h2 class=\"elementor-heading-title elementor-size-default\">Comprometidos com a <span style=\"color: #0099EC\"> excel\u00eancia,  seguran\u00e7a, qualidade e sustentabilidade, <\/span> transformamos desafios em solu\u00e7\u00f5es eficazes.<\/h2>\t\t\t\t<\/div>\n\t\t\t\t<div class=\"elementor-element elementor-element-05787be elementor-widget elementor-widget-text-editor\" data-id=\"05787be\" data-element_type=\"widget\" data-e-type=\"widget\" data-widget_type=\"text-editor.default\">\n\t\t\t\t\t\t\t\t\t<p>O seu parceiro de confian\u00e7a em servi\u00e7os especializados.<\/p>\t\t\t\t\t\t\t\t<\/div>\n\t\t\t\t<div class=\"elementor-element elementor-element-f68f3e0 elementor-widget elementor-widget-button\" data-id=\"f68f3e0\" data-element_type=\"widget\" data-e-type=\"widget\" data-widget_type=\"button.default\">\n\t\t\t\t\t\t\t\t\t\t<a class=\"elementor-button elementor-button-link elementor-size-sm\" href=\"https:\/\/saa-services.co.ao\/index.php\/nossos-servicos\/\">\n\t\t\t\t\t\t<span class=\"elementor-button-content-wrapper\">\n\t\t\t\t\t\t\t\t\t<span class=\"elementor-button-text\">Saiba mais<\/span>\n\t\t\t\t\t<\/span>\n\t\t\t\t\t<\/a>\n\t\t\t\t\t\t\t\t<\/div>\n\t\t\t\t<\/div>\n\t\t\t\t\t<\/div>\n\t\t\t\t<\/div>\n\t\t<div class=\"elementor-element elementor-element-2c9fb38 e-flex e-con-boxed e-con e-parent\" data-id=\"2c9fb38\" data-element_type=\"container\" data-e-type=\"container\" data-settings=\"{&quot;background_background&quot;:&quot;gradient&quot;}\">\n\t\t\t\t\t<div class=\"e-con-inner\">\n\t\t\t\t<div class=\"elementor-element elementor-element-35993e3 elementor-view-default elementor-invisible elementor-widget elementor-widget-icon\" data-id=\"35993e3\" data-element_type=\"widget\" data-e-type=\"widget\" data-settings=\"{&quot;_animation&quot;:&quot;fadeIn&quot;,&quot;_animation_laptop&quot;:&quot;fadeInDown&quot;,&quot;_animation_tablet&quot;:&quot;fadeInDown&quot;,&quot;_animation_mobile&quot;:&quot;none&quot;}\" data-widget_type=\"icon.default\">\n\t\t\t\t\t\t\t<div class=\"elementor-icon-wrapper\">\n\t\t\t<div class=\"elementor-icon elementor-animation-pulse-grow\">\n\t\t\t<svg aria-hidden=\"true\" class=\"e-font-icon-svg e-fas-angle-double-down\" viewBox=\"0 0 320 512\" xmlns=\"http:\/\/www.w3.org\/2000\/svg\"><path d=\"M143 256.3L7 120.3c-9.4-9.4-9.4-24.6 0-33.9l22.6-22.6c9.4-9.4 24.6-9.4 33.9 0l96.4 96.4 96.4-96.4c9.4-9.4 24.6-9.4 33.9 0L313 86.3c9.4 9.4 9.4 24.6 0 33.9l-136 136c-9.4 9.5-24.6 9.5-34 .1zm34 192l136-136c9.4-9.4 9.4-24.6 0-33.9l-22.6-22.6c-9.4-9.4-24.6-9.4-33.9 0L160 352.1l-96.4-96.4c-9.4-9.4-24.6-9.4-33.9 0L7 278.3c-9.4 9.4-9.4 24.6 0 33.9l136 136c9.4 9.5 24.6 9.5 34 .1z\"><\/path><\/svg>\t\t\t<\/div>\n\t\t<\/div>\n\t\t\t\t\t\t<\/div>\n\t\t\t\t<div class=\"elementor-element elementor-element-1e0a3a3 elementor-widget elementor-widget-heading\" data-id=\"1e0a3a3\" data-element_type=\"widget\" data-e-type=\"widget\" data-widget_type=\"heading.default\">\n\t\t\t\t\t<h2 class=\"elementor-heading-title elementor-size-default\">Efic\u00eancia em cada servi\u00e7o prestado<\/h2>\t\t\t\t<\/div>\n\t\t<div class=\"elementor-element elementor-element-1df2be1 e-con-full e-flex e-con e-child\" data-id=\"1df2be1\" data-element_type=\"container\" data-e-type=\"container\">\n\t\t<div class=\"elementor-element elementor-element-29207d4 e-con-full e-flex e-con e-child\" data-id=\"29207d4\" data-element_type=\"container\" data-e-type=\"container\" data-settings=\"{&quot;background_background&quot;:&quot;classic&quot;,&quot;animation_mobile&quot;:&quot;fadeInLeft&quot;}\">\n\t\t\t\t<div class=\"elementor-element elementor-element-01e25f8 elementor-view-stacked elementor-shape-circle elementor-widget elementor-widget-icon\" data-id=\"01e25f8\" data-element_type=\"widget\" data-e-type=\"widget\" data-widget_type=\"icon.default\">\n\t\t\t\t\t\t\t<div class=\"elementor-icon-wrapper\">\n\t\t\t<div class=\"elementor-icon elementor-animation-pulse\">\n\t\t\t<svg aria-hidden=\"true\" class=\"e-font-icon-svg e-fas-recycle\" viewBox=\"0 0 512 512\" xmlns=\"http:\/\/www.w3.org\/2000\/svg\"><path d=\"M184.561 261.903c3.232 13.997-12.123 24.635-24.068 17.168l-40.736-25.455-50.867 81.402C55.606 356.273 70.96 384 96.012 384H148c6.627 0 12 5.373 12 12v40c0 6.627-5.373 12-12 12H96.115c-75.334 0-121.302-83.048-81.408-146.88l50.822-81.388-40.725-25.448c-12.081-7.547-8.966-25.961 4.879-29.158l110.237-25.45c8.611-1.988 17.201 3.381 19.189 11.99l25.452 110.237zm98.561-182.915l41.289 66.076-40.74 25.457c-12.051 7.528-9 25.953 4.879 29.158l110.237 25.45c8.672 1.999 17.215-3.438 19.189-11.99l25.45-110.237c3.197-13.844-11.99-24.719-24.068-17.168l-40.687 25.424-41.263-66.082c-37.521-60.033-125.209-60.171-162.816 0l-17.963 28.766c-3.51 5.62-1.8 13.021 3.82 16.533l33.919 21.195c5.62 3.512 13.024 1.803 16.536-3.817l17.961-28.743c12.712-20.341 41.973-19.676 54.257-.022zM497.288 301.12l-27.515-44.065c-3.511-5.623-10.916-7.334-16.538-3.821l-33.861 21.159c-5.62 3.512-7.33 10.915-3.818 16.536l27.564 44.112c13.257 21.211-2.057 48.96-27.136 48.96H320V336.02c0-14.213-17.242-21.383-27.313-11.313l-80 79.981c-6.249 6.248-6.249 16.379 0 22.627l80 79.989C302.689 517.308 320 510.3 320 495.989V448h95.88c75.274 0 121.335-82.997 81.408-146.88z\"><\/path><\/svg>\t\t\t<\/div>\n\t\t<\/div>\n\t\t\t\t\t\t<\/div>\n\t\t\t\t<div class=\"elementor-element elementor-element-2352f1d elementor-widget elementor-widget-heading\" data-id=\"2352f1d\" data-element_type=\"widget\" data-e-type=\"widget\" data-widget_type=\"heading.default\">\n\t\t\t\t\t<h2 class=\"elementor-heading-title elementor-size-default\">Recolha e tratamento de res\u00edduos<\/h2>\t\t\t\t<\/div>\n\t\t\t\t<div class=\"elementor-element elementor-element-da41ef2 elementor-widget elementor-widget-text-editor\" data-id=\"da41ef2\" data-element_type=\"widget\" data-e-type=\"widget\" data-widget_type=\"text-editor.default\">\n\t\t\t\t\t\t\t\t\t<p>Oferecemos servi\u00e7os especializados de recolha de res\u00edduos, garantindo a remo\u00e7\u00e3o eficiente, segura e ambientalmente respons\u00e1vel de res\u00edduos s\u00f3lidos urbanos e industriais.<\/p>\t\t\t\t\t\t\t\t<\/div>\n\t\t\t\t<\/div>\n\t\t<div class=\"elementor-element elementor-element-c3c94f1 e-con-full e-flex e-con e-child\" data-id=\"c3c94f1\" data-element_type=\"container\" data-e-type=\"container\" data-settings=\"{&quot;background_background&quot;:&quot;classic&quot;,&quot;animation_mobile&quot;:&quot;fadeInRight&quot;}\">\n\t\t\t\t<div class=\"elementor-element elementor-element-f0cf458 elementor-view-stacked elementor-shape-circle elementor-widget elementor-widget-icon\" data-id=\"f0cf458\" data-element_type=\"widget\" data-e-type=\"widget\" data-widget_type=\"icon.default\">\n\t\t\t\t\t\t\t<div class=\"elementor-icon-wrapper\">\n\t\t\t<div class=\"elementor-icon elementor-animation-pulse\">\n\t\t\t<svg aria-hidden=\"true\" class=\"e-font-icon-svg e-fas-bug\" viewBox=\"0 0 512 512\" xmlns=\"http:\/\/www.w3.org\/2000\/svg\"><path d=\"M511.988 288.9c-.478 17.43-15.217 31.1-32.653 31.1H424v16c0 21.864-4.882 42.584-13.6 61.145l60.228 60.228c12.496 12.497 12.496 32.758 0 45.255-12.498 12.497-32.759 12.496-45.256 0l-54.736-54.736C345.886 467.965 314.351 480 280 480V236c0-6.627-5.373-12-12-12h-24c-6.627 0-12 5.373-12 12v244c-34.351 0-65.886-12.035-90.636-32.108l-54.736 54.736c-12.498 12.497-32.759 12.496-45.256 0-12.496-12.497-12.496-32.758 0-45.255l60.228-60.228C92.882 378.584 88 357.864 88 336v-16H32.666C15.23 320 .491 306.33.013 288.9-.484 270.816 14.028 256 32 256h56v-58.745l-46.628-46.628c-12.496-12.497-12.496-32.758 0-45.255 12.498-12.497 32.758-12.497 45.256 0L141.255 160h229.489l54.627-54.627c12.498-12.497 32.758-12.497 45.256 0 12.496 12.497 12.496 32.758 0 45.255L424 197.255V256h56c17.972 0 32.484 14.816 31.988 32.9zM257 0c-61.856 0-112 50.144-112 112h224C369 50.144 318.856 0 257 0z\"><\/path><\/svg>\t\t\t<\/div>\n\t\t<\/div>\n\t\t\t\t\t\t<\/div>\n\t\t\t\t<div class=\"elementor-element elementor-element-f700ee2 elementor-widget elementor-widget-heading\" data-id=\"f700ee2\" data-element_type=\"widget\" data-e-type=\"widget\" data-widget_type=\"heading.default\">\n\t\t\t\t\t<h2 class=\"elementor-heading-title elementor-size-default\">Pest Control (controlo de pragas)<\/h2>\t\t\t\t<\/div>\n\t\t\t\t<div class=\"elementor-element elementor-element-134d8d9 elementor-widget elementor-widget-text-editor\" data-id=\"134d8d9\" data-element_type=\"widget\" data-e-type=\"widget\" data-widget_type=\"text-editor.default\">\n\t\t\t\t\t\t\t\t\t<p>Servi\u00e7os completos e profissionais de controlo de pragas e desinfesta\u00e7\u00e3o, garantindo ambientes seguros, higienizados e livres de agentes nocivos.<\/p>\t\t\t\t\t\t\t\t<\/div>\n\t\t\t\t<\/div>\n\t\t<div class=\"elementor-element elementor-element-c80702d e-con-full e-flex e-con e-child\" data-id=\"c80702d\" data-element_type=\"container\" data-e-type=\"container\" data-settings=\"{&quot;background_background&quot;:&quot;classic&quot;,&quot;animation_mobile&quot;:&quot;fadeInLeft&quot;}\">\n\t\t\t\t<div class=\"elementor-element elementor-element-4c783ff elementor-view-stacked elementor-shape-circle elementor-widget elementor-widget-icon\" data-id=\"4c783ff\" data-element_type=\"widget\" data-e-type=\"widget\" data-widget_type=\"icon.default\">\n\t\t\t\t\t\t\t<div class=\"elementor-icon-wrapper\">\n\t\t\t<div class=\"elementor-icon elementor-animation-pulse\">\n\t\t\t<svg aria-hidden=\"true\" class=\"e-font-icon-svg e-fas-broom\" viewBox=\"0 0 640 512\" xmlns=\"http:\/\/www.w3.org\/2000\/svg\"><path d=\"M256.47 216.77l86.73 109.18s-16.6 102.36-76.57 150.12C206.66 523.85 0 510.19 0 510.19s3.8-23.14 11-55.43l94.62-112.17c3.97-4.7-.87-11.62-6.65-9.5l-60.4 22.09c14.44-41.66 32.72-80.04 54.6-97.47 59.97-47.76 163.3-40.94 163.3-40.94zM636.53 31.03l-19.86-25c-5.49-6.9-15.52-8.05-22.41-2.56l-232.48 177.8-34.14-42.97c-5.09-6.41-15.14-5.21-18.59 2.21l-25.33 54.55 86.73 109.18 58.8-12.45c8-1.69 11.42-11.2 6.34-17.6l-34.09-42.92 232.48-177.8c6.89-5.48 8.04-15.53 2.55-22.44z\"><\/path><\/svg>\t\t\t<\/div>\n\t\t<\/div>\n\t\t\t\t\t\t<\/div>\n\t\t\t\t<div class=\"elementor-element elementor-element-fdc4a2d elementor-widget elementor-widget-heading\" data-id=\"fdc4a2d\" data-element_type=\"widget\" data-e-type=\"widget\" data-widget_type=\"heading.default\">\n\t\t\t\t\t<h2 class=\"elementor-heading-title elementor-size-default\">Limpeza Geral e Tank Cleaning<\/h2>\t\t\t\t<\/div>\n\t\t\t\t<div class=\"elementor-element elementor-element-d70dc3a elementor-widget elementor-widget-text-editor\" data-id=\"d70dc3a\" data-element_type=\"widget\" data-e-type=\"widget\" data-widget_type=\"text-editor.default\">\n\t\t\t\t\t\t\t\t\t<p>Servi\u00e7os de limpeza geral e <em data-start=\"39\" data-end=\"54\">tank cleaning<\/em>, assegurando a higieniza\u00e7\u00e3o completa de espa\u00e7os e a limpeza especializada de tanques e reservat\u00f3rios industriais, em conformidade com as normas de seguran\u00e7a.<\/p>\t\t\t\t\t\t\t\t<\/div>\n\t\t\t\t<\/div>\n\t\t<div class=\"elementor-element elementor-element-e7aed0c e-con-full e-flex e-con e-child\" data-id=\"e7aed0c\" data-element_type=\"container\" data-e-type=\"container\" data-settings=\"{&quot;background_background&quot;:&quot;classic&quot;,&quot;animation_mobile&quot;:&quot;fadeInRight&quot;}\">\n\t\t\t\t<div class=\"elementor-element elementor-element-51ddab1 elementor-view-stacked elementor-shape-circle elementor-widget elementor-widget-icon\" data-id=\"51ddab1\" data-element_type=\"widget\" data-e-type=\"widget\" data-widget_type=\"icon.default\">\n\t\t\t\t\t\t\t<div class=\"elementor-icon-wrapper\">\n\t\t\t<div class=\"elementor-icon elementor-animation-pulse\">\n\t\t\t<svg aria-hidden=\"true\" class=\"e-font-icon-svg e-fas-truck\" viewBox=\"0 0 640 512\" xmlns=\"http:\/\/www.w3.org\/2000\/svg\"><path d=\"M624 352h-16V243.9c0-12.7-5.1-24.9-14.1-33.9L494 110.1c-9-9-21.2-14.1-33.9-14.1H416V48c0-26.5-21.5-48-48-48H48C21.5 0 0 21.5 0 48v320c0 26.5 21.5 48 48 48h16c0 53 43 96 96 96s96-43 96-96h128c0 53 43 96 96 96s96-43 96-96h48c8.8 0 16-7.2 16-16v-32c0-8.8-7.2-16-16-16zM160 464c-26.5 0-48-21.5-48-48s21.5-48 48-48 48 21.5 48 48-21.5 48-48 48zm320 0c-26.5 0-48-21.5-48-48s21.5-48 48-48 48 21.5 48 48-21.5 48-48 48zm80-208H416V144h44.1l99.9 99.9V256z\"><\/path><\/svg>\t\t\t<\/div>\n\t\t<\/div>\n\t\t\t\t\t\t<\/div>\n\t\t\t\t<div class=\"elementor-element elementor-element-de8e2cd elementor-widget elementor-widget-heading\" data-id=\"de8e2cd\" data-element_type=\"widget\" data-e-type=\"widget\" data-widget_type=\"heading.default\">\n\t\t\t\t\t<h2 class=\"elementor-heading-title elementor-size-default\">Log\u00edstica e Transportes<\/h2>\t\t\t\t<\/div>\n\t\t\t\t<div class=\"elementor-element elementor-element-059fdd3 elementor-widget elementor-widget-text-editor\" data-id=\"059fdd3\" data-element_type=\"widget\" data-e-type=\"widget\" data-widget_type=\"text-editor.default\">\n\t\t\t\t\t\t\t\t\t<p>Procurement, log\u00edstica e transporte, assegurando o planeamento estrat\u00e9gico, movimenta\u00e7\u00e3o eficiente, segura e pontual de mercadorias, visando a redu\u00e7\u00e3o de custos e o cumprimento de prazos.<\/p>\t\t\t\t\t\t\t\t<\/div>\n\t\t\t\t<\/div>\n\t\t\t\t<\/div>\n\t\t\t\t\t<\/div>\n\t\t\t\t<\/div>\n\t\t\t\t<\/div>\n\t\t","protected":false},"excerpt":{"rendered":"<p>Comprometidos com a excel\u00eancia, seguran\u00e7a, qualidade e sustentabilidade, transformamos desafios em solu\u00e7\u00f5es eficazes. O seu parceiro de confian\u00e7a em servi\u00e7os especializados. Saiba mais Efic\u00eancia em cada servi\u00e7o prestado Recolha e tratamento de res\u00edduos Oferecemos servi\u00e7os especializados de recolha de res\u00edduos, garantindo a remo\u00e7\u00e3o eficiente, segura e ambientalmente respons\u00e1vel de res\u00edduos s\u00f3lidos urbanos e industriais. Pest [&hellip;]<\/p>\n","protected":false},"author":1,"featured_media":0,"parent":0,"menu_order":0,"comment_status":"closed","ping_status":"closed","template":"elementor_header_footer","meta":{"footnotes":""},"class_list":["post-1449","page","type-page","status-publish","hentry"],"_links":{"self":[{"href":"https:\/\/saa-services.co.ao\/index.php\/wp-json\/wp\/v2\/pages\/1449","targetHints":{"allow":["GET"]}}],"collection":[{"href":"https:\/\/saa-services.co.ao\/index.php\/wp-json\/wp\/v2\/pages"}],"about":[{"href":"https:\/\/saa-services.co.ao\/index.php\/wp-json\/wp\/v2\/types\/page"}],"author":[{"embeddable":true,"href":"https:\/\/saa-services.co.ao\/index.php\/wp-json\/wp\/v2\/users\/1"}],"replies":[{"embeddable":true,"href":"https:\/\/saa-services.co.ao\/index.php\/wp-json\/wp\/v2\/comments?post=1449"}],"version-history":[{"count":385,"href":"https:\/\/saa-services.co.ao\/index.php\/wp-json\/wp\/v2\/pages\/1449\/revisions"}],"predecessor-version":[{"id":2043,"href":"https:\/\/saa-services.co.ao\/index.php\/wp-json\/wp\/v2\/pages\/1449\/revisions\/2043"}],"wp:attachment":[{"href":"https:\/\/saa-services.co.ao\/index.php\/wp-json\/wp\/v2\/media?parent=1449"}],"curies":[{"name":"wp","href":"https:\/\/api.w.org\/{rel}","templated":true}]}}